{"id":3127,"date":"2025-10-27T17:06:32","date_gmt":"2025-10-27T16:06:32","guid":{"rendered":"https:\/\/handball.tsv-taufkirchen-1893.de\/?page_id=3127"},"modified":"2026-03-15T22:41:58","modified_gmt":"2026-03-15T21:41:58","slug":"mittelschulturnhalle","status":"publish","type":"page","link":"https:\/\/handball.tsv-taufkirchen-1893.de\/?page_id=3127","title":{"rendered":"Mittelschulturnhalle \/ Schulzentrum\u00a0(260401)"},"content":{"rendered":"\n<figure class=\"wp-block-image size-large\"><img loading=\"lazy\" decoding=\"async\" width=\"1024\" height=\"766\" src=\"https:\/\/handball.tsv-taufkirchen-1893.de\/wp-content\/uploads\/2025\/10\/Screenshot-2025-10-27-205846-1024x766.png\" alt=\"\" class=\"wp-image-3143\" srcset=\"https:\/\/handball.tsv-taufkirchen-1893.de\/wp-content\/uploads\/2025\/10\/Screenshot-2025-10-27-205846-1024x766.png 1024w, https:\/\/handball.tsv-taufkirchen-1893.de\/wp-content\/uploads\/2025\/10\/Screenshot-2025-10-27-205846-300x224.png 300w, https:\/\/handball.tsv-taufkirchen-1893.de\/wp-content\/uploads\/2025\/10\/Screenshot-2025-10-27-205846-768x574.png 768w, https:\/\/handball.tsv-taufkirchen-1893.de\/wp-content\/uploads\/2025\/10\/Screenshot-2025-10-27-205846.png 1090w\" sizes=\"auto, (max-width: 1024px) 100vw, 1024px\" \/><\/figure>\n\n\n<p style=\"text-align: left;\"><strong>Adresse:<\/strong><br \/>Pfarrweg 3 (am besten mit <a href=\"https:\/\/maps.app.goo.gl\/AENuQ6Z3RFnQcZNSA\">GoogleMaps<\/a>\u00a0zur Halle finden)<br \/>84416 Taufkirchen\/Vils<br \/>&gt;&gt; <em><a href=\"https:\/\/maps.app.goo.gl\/AENuQ6Z3RFnQcZNSA\" target=\"_blank\" rel=\"noreferrer noopener\" aria-label=\"Route planen (\u00f6ffnet in neuem Tab)\">Route planen<\/a><\/em> (GoogleMaps)<br \/><br \/><br \/><\/p>\n<p><span style=\"color: #ff0000;\">Bitte folgende Punkte beim Parken ber\u00fccksichtigen:<\/span><\/p>\n<ul>\n<li><span style=\"color: #ff0000;\">nur auf den ausgewiesenen Parkfl\u00e4chen am Busbahnhofbereich parken<\/span><\/li>\n<li><span style=\"color: #ff0000;\">nicht auf dem Parkplatz hinter dem Sparkassengeb\u00e4ude parken (kostenpflichtig!)<\/span><\/li>\n<\/ul>\n<p><span style=\"color: #ff0000;\">Zugang zur Halle \u00fcber eine der beiden Br\u00fccken \u00fcber den Stephansbr\u00fcnnlbach.<\/span><br \/><span style=\"color: #ff0000;\">Das Rauchen ist auf dem gesamten Schulgel\u00e4nde strengstens untersagt! Geeignete Raucherpl\u00e4tze befinden sich am Busbahnhof<\/span><\/p>\n\n\n<p><\/p>\n","protected":false},"excerpt":{"rendered":"<p>Adresse:Pfarrweg 3 (am besten mit GoogleMaps\u00a0zur Halle finden)84416 Taufkirchen\/Vils&gt;&gt; Route planen (GoogleMaps) Bitte folgende Punkte beim Parken ber\u00fccksichtigen: nur auf den ausgewiesenen Parkfl\u00e4chen am Busbahnhofbereich parken nicht auf dem Parkplatz hinter dem Sparkassengeb\u00e4ude parken (kostenpflichtig!) Zugang zur Halle \u00fcber eine der beiden Br\u00fccken \u00fcber den Stephansbr\u00fcnnlbach.Das Rauchen ist auf dem gesamten Schulgel\u00e4nde strengstens untersagt! Geeignete [&hellip;]<\/p>\n","protected":false},"author":2,"featured_media":0,"parent":0,"menu_order":0,"comment_status":"closed","ping_status":"closed","template":"","meta":{"footnotes":""},"class_list":["post-3127","page","type-page","status-publish","hentry"],"_links":{"self":[{"href":"https:\/\/handball.tsv-taufkirchen-1893.de\/index.php?rest_route=\/wp\/v2\/pages\/3127","targetHints":{"allow":["GET"]}}],"collection":[{"href":"https:\/\/handball.tsv-taufkirchen-1893.de\/index.php?rest_route=\/wp\/v2\/pages"}],"about":[{"href":"https:\/\/handball.tsv-taufkirchen-1893.de\/index.php?rest_route=\/wp\/v2\/types\/page"}],"author":[{"embeddable":true,"href":"https:\/\/handball.tsv-taufkirchen-1893.de\/index.php?rest_route=\/wp\/v2\/users\/2"}],"replies":[{"embeddable":true,"href":"https:\/\/handball.tsv-taufkirchen-1893.de\/index.php?rest_route=%2Fwp%2Fv2%2Fcomments&post=3127"}],"version-history":[{"count":14,"href":"https:\/\/handball.tsv-taufkirchen-1893.de\/index.php?rest_route=\/wp\/v2\/pages\/3127\/revisions"}],"predecessor-version":[{"id":3333,"href":"https:\/\/handball.tsv-taufkirchen-1893.de\/index.php?rest_route=\/wp\/v2\/pages\/3127\/revisions\/3333"}],"wp:attachment":[{"href":"https:\/\/handball.tsv-taufkirchen-1893.de\/index.php?rest_route=%2Fwp%2Fv2%2Fmedia&parent=3127"}],"curies":[{"name":"wp","href":"https:\/\/api.w.org\/{rel}","templated":true}]}}