{"id":3197,"date":"2025-12-12T11:06:33","date_gmt":"2025-12-12T10:06:33","guid":{"rendered":"https:\/\/handball.tsv-taufkirchen-1893.de\/?page_id=3197"},"modified":"2025-12-12T11:14:55","modified_gmt":"2025-12-12T10:14:55","slug":"foerderverein","status":"publish","type":"page","link":"https:\/\/handball.tsv-taufkirchen-1893.de\/?page_id=3197","title":{"rendered":"F\u00f6rderverein"},"content":{"rendered":"\n<h2 class=\"wp-block-heading\">F\u00f6rderverein Handball Taufkirchen (Vils)<\/h2>\n\n\n<p><\/p>\n<p><span style=\"color: #000000;\">Der F\u00f6rderverein m\u00f6chte dazu beitragen, optimale Spiel- und Trainingsbedingungen zu schaffen \u2013 sei es durch die Anschaffung neuer Trainingsmaterialien, die Unterst\u00fctzung bei Fahrten zu Turnieren oder durch die F\u00f6rderung moderner Trainingskonzepte. Dar\u00fcber hinaus soll auch das Miteinander abseits des Spielfeldes gest\u00e4rkt werden: Gemeinsame Aktivit\u00e4ten, Ausfl\u00fcge und Veranstaltungen f\u00f6rdern nicht nur den sportlichen Ehrgeiz, sondern auch den Teamgeist und das Vereinsleben.<\/span><\/p>\n<p><span style=\"color: #000000;\"> <\/span><\/p>\n<p><span style=\"color: #000000;\">Mit der Gr\u00fcndung des F\u00f6rdervereins wurde ein wichtiger Grundstein gelegt, um den Handball in Taufkirchen nachhaltig weiterzuentwickeln. Jeder Beitrag \u2013 ob gro\u00df oder klein \u2013 hilft dabei, die Handballabteilung lebendig und erfolgreich zu gestalten.<\/span><\/p>\n<p><span style=\"color: #000000;\"> <\/span><\/p>\n<p><span style=\"color: #000000;\">Wer Mitglied werden m\u00f6chte, hat dazu gleich mehrere M\u00f6glichkeiten: Interessierte k\u00f6nnen sich per Mail an <strong>foerderverein.handball@tsv-taufkirchen-1893.de<\/strong> wenden oder einfach bei einem der Heimspieltage vorbeischauen. Dort sind die Vorst\u00e4nde des F\u00f6rdervereins in der Regel pers\u00f6nlich vor Ort, stehen gerne f\u00fcr Fragen zur Verf\u00fcgung \u2013 und Mitgliedsantr\u00e4ge liegen selbstverst\u00e4ndlich ebenfalls bereit. Ebenso kann unter folgendem Link ein Mitgliedsantrag heruntergeladen werden, welcher ausgef\u00fcllt werden muss und formlos an <strong>foerderverein.handball@tsv-taufkirchen-1893.de<\/strong> gesendet werden kann.<\/span><\/p>\n<p><\/p>\n\n\n<div data-wp-interactive=\"core\/file\" class=\"wp-block-file\"><object data-wp-bind--hidden=\"!state.hasPdfPreview\" hidden class=\"wp-block-file__embed\" data=\"https:\/\/handball.tsv-taufkirchen-1893.de\/wp-content\/uploads\/2025\/12\/2025_10_10_Mitgliedsantrag.pdf\" type=\"application\/pdf\" style=\"width:100%;height:600px\" aria-label=\"PDF-Einbettung\"><\/object><a href=\"https:\/\/handball.tsv-taufkirchen-1893.de\/wp-content\/uploads\/2025\/12\/2025_10_10_Mitgliedsantrag.pdf\" class=\"wp-block-file__button wp-element-button\" download>Herunterladen<\/a><\/div>\n\n\n\n<p><\/p>\n","protected":false},"excerpt":{"rendered":"<p>F\u00f6rderverein Handball Taufkirchen (Vils) Der F\u00f6rderverein m\u00f6chte dazu beitragen, optimale Spiel- und Trainingsbedingungen zu schaffen \u2013 sei es durch die Anschaffung neuer Trainingsmaterialien, die Unterst\u00fctzung bei Fahrten zu Turnieren oder durch die F\u00f6rderung moderner Trainingskonzepte. Dar\u00fcber hinaus soll auch das Miteinander abseits des Spielfeldes gest\u00e4rkt werden: Gemeinsame Aktivit\u00e4ten, Ausfl\u00fcge und Veranstaltungen f\u00f6rdern nicht nur den [&hellip;]<\/p>\n","protected":false},"author":2,"featured_media":0,"parent":0,"menu_order":0,"comment_status":"closed","ping_status":"closed","template":"","meta":{"footnotes":""},"class_list":["post-3197","page","type-page","status-publish","hentry"],"_links":{"self":[{"href":"https:\/\/handball.tsv-taufkirchen-1893.de\/index.php?rest_route=\/wp\/v2\/pages\/3197","targetHints":{"allow":["GET"]}}],"collection":[{"href":"https:\/\/handball.tsv-taufkirchen-1893.de\/index.php?rest_route=\/wp\/v2\/pages"}],"about":[{"href":"https:\/\/handball.tsv-taufkirchen-1893.de\/index.php?rest_route=\/wp\/v2\/types\/page"}],"author":[{"embeddable":true,"href":"https:\/\/handball.tsv-taufkirchen-1893.de\/index.php?rest_route=\/wp\/v2\/users\/2"}],"replies":[{"embeddable":true,"href":"https:\/\/handball.tsv-taufkirchen-1893.de\/index.php?rest_route=%2Fwp%2Fv2%2Fcomments&post=3197"}],"version-history":[{"count":9,"href":"https:\/\/handball.tsv-taufkirchen-1893.de\/index.php?rest_route=\/wp\/v2\/pages\/3197\/revisions"}],"predecessor-version":[{"id":3208,"href":"https:\/\/handball.tsv-taufkirchen-1893.de\/index.php?rest_route=\/wp\/v2\/pages\/3197\/revisions\/3208"}],"wp:attachment":[{"href":"https:\/\/handball.tsv-taufkirchen-1893.de\/index.php?rest_route=%2Fwp%2Fv2%2Fmedia&parent=3197"}],"curies":[{"name":"wp","href":"https:\/\/api.w.org\/{rel}","templated":true}]}}